{"id":31,"date":"2020-02-06T03:40:00","date_gmt":"2020-02-06T08:40:00","guid":{"rendered":"https:\/\/groupejaco.ca\/?page_id=31"},"modified":"2025-09-30T15:15:09","modified_gmt":"2025-09-30T19:15:09","slug":"contact-apres-sinistre","status":"publish","type":"page","link":"https:\/\/groupejaco.ca\/en\/contact-apres-sinistre\/","title":{"rendered":"Disaster services contact"},"content":{"rendered":"<h2>\n\t\t\tPost disaster<br \/>Contact\t<\/h2>\n\t\t\t\t<p>Do not hesitate to contact us to discuss your situation and obtain a quote quickly!<\/p>\n\t\t\t<a href=\"tel:450 490-1801\" title=\"Cliquez ici\" target=\"_self\"   role=\"button\" aria-label=\"OFFICE:  450 490-1801\">\n\t\t\t\t\t\t\t\t\t\t\tOFFICE:  450 490-1801\n\t\t<\/a>\n\t\t\t<a href=\"tel:514 518-7226\" title=\"Cliquez ici\" target=\"_self\"   role=\"button\" aria-label=\"EMERGENCY: 514 518-7226\">\n\t\t\t\t\t\t\t\t\t\t\tEMERGENCY: 514 518-7226\n\t\t<\/a>\n\t\t\t<a href=\"tel:514 518-8227\" title=\"Cliquez ici\" target=\"_self\"   role=\"button\" aria-label=\"EMERGENCY: 514 518-8227\">\n\t\t\t\t\t\t\t\t\t\t\tEMERGENCY: 514 518-8227\n\t\t<\/a>\n\t<p>T\u00e9l\u00e9phonez-nous au plus vite lorsqu&rsquo;un sinistre survient. Il est important d&rsquo;agir rapidement pour assurer votre s\u00e9curit\u00e9, mettre en place des mesures d&rsquo;att\u00e9nuation et minimiser l&rsquo;aggravation des dommages. Une intervention rapide peut permettre de minimiser les dommages \u00e0 long terme et de r\u00e9duire les co\u00fbts.<\/p>\n<p>Contact us today with any questions, to plan or discuss your needs and get a quick quote. We will get back to you as soon as possible and we will be happy to help you get back to normal life. You can include photos of your claim.<\/p>\n\t\t<h3>Direct Messaging<\/h3>\t\t\t\n\t\t<h3>Career<\/h3>\t\t\t\n\t\t\t\t<p>Are you interested in being part of our team? The Jaco Group is always on the lookout for discovering new talents to enrich its team. If you take your work to heart as much as we do, do not hesitate to contact us and send us your CV and contact details by email at <a href=\"mailto:info@groupejaco.ca\">info@groupejaco.ca<\/a><\/p>\n\t\t<h3>Coverage area<\/h3>\t\t\t\n\t\t\t\t<p>We are operational in the Greater Montreal area and do not hesitate to contact us to find out if we can serve you in your area!<\/p>\n\t\t\t\t<a href=\"https:\/\/groupejaco.ca\/wp-content\/uploads\/Carte-Zone-de-Services-Groupe-Jaco-Entrepreneur-General-Construction-Renovation-Apres-Sinistre-Nettoyage-Decontamination.webp\"  target=\"_self\" itemprop=\"url\">\n\t\t\t\t<img decoding=\"async\" src=\"https:\/\/groupejaco.ca\/wp-content\/uploads\/Carte-Zone-de-Services-Groupe-Jaco-Entrepreneur-General-Construction-Renovation-Apres-Sinistre-Nettoyage-Decontamination.webp\" alt=\"Carte Zone de Services Groupe Jaco Entrepreneur Ge\u0301ne\u0301ral Construction Re\u0301novation Apres Sinistre Nettoyage De\u0301contamination\" itemprop=\"image\" height=\"716\" width=\"1500\" title=\"Carte Zone de Services Groupe Jaco Entrepreneur Ge\u0301ne\u0301ral Construction Re\u0301novation Apres Sinistre Nettoyage De\u0301contamination\" onerror=\"this.style.display='none'\" loading=\"lazy\" \/>\n\t\t\t\t<\/a>","protected":false},"excerpt":{"rendered":"<p>Apr\u00e8s sinistreContact N&rsquo;h\u00e9sitez pas \u00e0 nous contacter pour discuter de votre situation et obtenir une soumission rapidement ! BUREAU: 450 490-1801 URGENCE: 514 518-7226 URGENCE: 514 518-8227 T\u00e9l\u00e9phonez-nous au plus vite lorsqu&rsquo;un sinistre survient. Il est important d&rsquo;agir rapidement pour assurer votre s\u00e9curit\u00e9, mettre en place des mesures d&rsquo;att\u00e9nuation et minimiser l&rsquo;aggravation des dommages. Une&hellip;<\/p>","protected":false},"author":3,"featured_media":1880,"parent":0,"menu_order":0,"comment_status":"closed","ping_status":"closed","template":"","meta":{"inline_featured_image":false,"footnotes":""},"categories":[31],"tags":[],"class_list":["post-31","page","type-page","status-publish","has-post-thumbnail","hentry","category-apres-sinistre"],"yoast_head":"<!-- This site is optimized with the Yoast SEO Premium plugin v20.11 (Yoast SEO v27.1.1) - https:\/\/yoast.com\/product\/yoast-seo-premium-wordpress\/ -->\n<title>Contact | Groupe Jaco | Service Apr\u00e8s Sinistre<\/title>\n<meta name=\"description\" content=\"Contactez le Groupe Jaco d\u00e8s aujourd\u2019hui pour toutes questions, pour planifier ou discuter de vos besoins et obtenir une soumission rapide.\" \/>\n<meta name=\"robots\" content=\"index, follow, max-snippet:-1, max-image-preview:large, max-video-preview:-1\" \/>\n<link rel=\"canonical\" href=\"https:\/\/groupejaco.ca\/en\/contact-apres-sinistre\/\" \/>\n<meta property=\"og:locale\" content=\"en_US\" \/>\n<meta property=\"og:type\" content=\"article\" \/>\n<meta property=\"og:title\" content=\"Contact | Groupe Jaco | Service Apr\u00e8s Sinistre\" \/>\n<meta property=\"og:description\" content=\"Avec des ann\u00e9es d\u2019exp\u00e9rience en nettoyage - r\u00e9novation d&#039;Apr\u00e8s-Sinistre, le Groupe Jaco s&#039;est forg\u00e9 une solide expertise d&#039;entrepreneur g\u00e9n\u00e9ral.\" \/>\n<meta property=\"og:url\" content=\"https:\/\/groupejaco.ca\/en\/contact-apres-sinistre\/\" \/>\n<meta property=\"og:site_name\" content=\"Groupe Jaco\" \/>\n<meta property=\"article:publisher\" content=\"https:\/\/www.facebook.com\/GroupeJaco\" \/>\n<meta property=\"article:modified_time\" content=\"2025-09-30T19:15:09+00:00\" \/>\n<meta property=\"og:image\" content=\"https:\/\/groupejaco.ca\/wp-content\/uploads\/Groupe-Jaco-MS3-Entrepreneur-General-Construction-Renovation-Service-Apres-Sinistre-Nettoyage-Decontamination-Demolition.webp\" \/>\n\t<meta property=\"og:image:width\" content=\"1000\" \/>\n\t<meta property=\"og:image:height\" content=\"564\" \/>\n\t<meta property=\"og:image:type\" content=\"image\/webp\" \/>\n<meta name=\"twitter:card\" content=\"summary_large_image\" \/>\n<meta name=\"twitter:title\" content=\"Contact | Groupe Jaco | Service Apr\u00e8s Sinistre\" \/>\n<meta name=\"twitter:label1\" content=\"Est. reading time\" \/>\n\t<meta name=\"twitter:data1\" content=\"2 minutes\" \/>\n<script type=\"application\/ld+json\" class=\"yoast-schema-graph\">{\"@context\":\"https:\/\/schema.org\",\"@graph\":[{\"@type\":\"WebPage\",\"@id\":\"https:\/\/groupejaco.ca\/contact-apres-sinistre\/\",\"url\":\"https:\/\/groupejaco.ca\/contact-apres-sinistre\/\",\"name\":\"Contact | Groupe Jaco | Service Apr\u00e8s Sinistre\",\"isPartOf\":{\"@id\":\"https:\/\/groupejaco.ca\/#website\"},\"primaryImageOfPage\":{\"@id\":\"https:\/\/groupejaco.ca\/contact-apres-sinistre\/#primaryimage\"},\"image\":{\"@id\":\"https:\/\/groupejaco.ca\/contact-apres-sinistre\/#primaryimage\"},\"thumbnailUrl\":\"https:\/\/groupejaco.ca\/wp-content\/uploads\/Groupe-Jaco-MS3-Entrepreneur-General-Construction-Renovation-Service-Apres-Sinistre-Nettoyage-Decontamination-Demolition.webp\",\"datePublished\":\"2020-02-06T08:40:00+00:00\",\"dateModified\":\"2025-09-30T19:15:09+00:00\",\"description\":\"Contactez le Groupe Jaco d\u00e8s aujourd\u2019hui pour toutes questions, pour planifier ou discuter de vos besoins et obtenir une soumission rapide.\",\"breadcrumb\":{\"@id\":\"https:\/\/groupejaco.ca\/contact-apres-sinistre\/#breadcrumb\"},\"inLanguage\":\"en-US\",\"potentialAction\":[{\"@type\":\"ReadAction\",\"target\":[\"https:\/\/groupejaco.ca\/contact-apres-sinistre\/\"]}]},{\"@type\":\"ImageObject\",\"inLanguage\":\"en-US\",\"@id\":\"https:\/\/groupejaco.ca\/contact-apres-sinistre\/#primaryimage\",\"url\":\"https:\/\/groupejaco.ca\/wp-content\/uploads\/Groupe-Jaco-MS3-Entrepreneur-General-Construction-Renovation-Service-Apres-Sinistre-Nettoyage-Decontamination-Demolition.webp\",\"contentUrl\":\"https:\/\/groupejaco.ca\/wp-content\/uploads\/Groupe-Jaco-MS3-Entrepreneur-General-Construction-Renovation-Service-Apres-Sinistre-Nettoyage-Decontamination-Demolition.webp\",\"width\":1000,\"height\":564,\"caption\":\"Groupe Jaco MS3 Entrepreneur Ge\u0301ne\u0301ral Construction Re\u0301novation Service Apre\u0300s Sinistre Nettoyage De\u0301contamination De\u0301molition\"},{\"@type\":\"BreadcrumbList\",\"@id\":\"https:\/\/groupejaco.ca\/contact-apres-sinistre\/#breadcrumb\",\"itemListElement\":[{\"@type\":\"ListItem\",\"position\":1,\"name\":\"Accueil\",\"item\":\"https:\/\/groupejaco.ca\/\"},{\"@type\":\"ListItem\",\"position\":2,\"name\":\"Contact apr\u00e8s sinistre\"}]},{\"@type\":\"WebSite\",\"@id\":\"https:\/\/groupejaco.ca\/#website\",\"url\":\"https:\/\/groupejaco.ca\/\",\"name\":\"Groupe Jaco\",\"description\":\"Entrepreneur commercial et r\u00e9sidentiel \u2022 Nettoyage apr\u00e8s-sinistre\",\"publisher\":{\"@id\":\"https:\/\/groupejaco.ca\/#organization\"},\"alternateName\":\"Jaco\",\"potentialAction\":[{\"@type\":\"SearchAction\",\"target\":{\"@type\":\"EntryPoint\",\"urlTemplate\":\"https:\/\/groupejaco.ca\/?s={search_term_string}\"},\"query-input\":{\"@type\":\"PropertyValueSpecification\",\"valueRequired\":true,\"valueName\":\"search_term_string\"}}],\"inLanguage\":\"en-US\"},{\"@type\":\"Organization\",\"@id\":\"https:\/\/groupejaco.ca\/#organization\",\"name\":\"Groupe Jaco Inc\",\"url\":\"https:\/\/groupejaco.ca\/\",\"logo\":{\"@type\":\"ImageObject\",\"inLanguage\":\"en-US\",\"@id\":\"https:\/\/groupejaco.ca\/#\/schema\/logo\/image\/\",\"url\":\"https:\/\/groupejaco.ca\/wp-content\/uploads\/Groupe-Jaco-MS2-Entrepreneur-General-Construction-Renovation-Service-Apres-Sinistre-Nettoyage-Decontamination-Demolition.webp\",\"contentUrl\":\"https:\/\/groupejaco.ca\/wp-content\/uploads\/Groupe-Jaco-MS2-Entrepreneur-General-Construction-Renovation-Service-Apres-Sinistre-Nettoyage-Decontamination-Demolition.webp\",\"width\":1000,\"height\":564,\"caption\":\"Groupe Jaco Inc\"},\"image\":{\"@id\":\"https:\/\/groupejaco.ca\/#\/schema\/logo\/image\/\"},\"sameAs\":[\"https:\/\/www.facebook.com\/GroupeJaco\"]}]}<\/script>\n<!-- \/ Yoast SEO Premium plugin. -->","yoast_head_json":{"title":"Contact | Groupe Jaco | Service Apr\u00e8s Sinistre","description":"Contactez le Groupe Jaco d\u00e8s aujourd\u2019hui pour toutes questions, pour planifier ou discuter de vos besoins et obtenir une soumission rapide.","robots":{"index":"index","follow":"follow","max-snippet":"max-snippet:-1","max-image-preview":"max-image-preview:large","max-video-preview":"max-video-preview:-1"},"canonical":"https:\/\/groupejaco.ca\/en\/contact-apres-sinistre\/","og_locale":"en_US","og_type":"article","og_title":"Contact | Groupe Jaco | Service Apr\u00e8s Sinistre","og_description":"Avec des ann\u00e9es d\u2019exp\u00e9rience en nettoyage - r\u00e9novation d'Apr\u00e8s-Sinistre, le Groupe Jaco s'est forg\u00e9 une solide expertise d'entrepreneur g\u00e9n\u00e9ral.","og_url":"https:\/\/groupejaco.ca\/en\/contact-apres-sinistre\/","og_site_name":"Groupe Jaco","article_publisher":"https:\/\/www.facebook.com\/GroupeJaco","article_modified_time":"2025-09-30T19:15:09+00:00","og_image":[{"width":1000,"height":564,"url":"https:\/\/groupejaco.ca\/wp-content\/uploads\/Groupe-Jaco-MS3-Entrepreneur-General-Construction-Renovation-Service-Apres-Sinistre-Nettoyage-Decontamination-Demolition.webp","type":"image\/webp"}],"twitter_card":"summary_large_image","twitter_title":"Contact | Groupe Jaco | Service Apr\u00e8s Sinistre","twitter_misc":{"Est. reading time":"2 minutes"},"schema":{"@context":"https:\/\/schema.org","@graph":[{"@type":"WebPage","@id":"https:\/\/groupejaco.ca\/contact-apres-sinistre\/","url":"https:\/\/groupejaco.ca\/contact-apres-sinistre\/","name":"Contact | Groupe Jaco | Service Apr\u00e8s Sinistre","isPartOf":{"@id":"https:\/\/groupejaco.ca\/#website"},"primaryImageOfPage":{"@id":"https:\/\/groupejaco.ca\/contact-apres-sinistre\/#primaryimage"},"image":{"@id":"https:\/\/groupejaco.ca\/contact-apres-sinistre\/#primaryimage"},"thumbnailUrl":"https:\/\/groupejaco.ca\/wp-content\/uploads\/Groupe-Jaco-MS3-Entrepreneur-General-Construction-Renovation-Service-Apres-Sinistre-Nettoyage-Decontamination-Demolition.webp","datePublished":"2020-02-06T08:40:00+00:00","dateModified":"2025-09-30T19:15:09+00:00","description":"Contactez le Groupe Jaco d\u00e8s aujourd\u2019hui pour toutes questions, pour planifier ou discuter de vos besoins et obtenir une soumission rapide.","breadcrumb":{"@id":"https:\/\/groupejaco.ca\/contact-apres-sinistre\/#breadcrumb"},"inLanguage":"en-US","potentialAction":[{"@type":"ReadAction","target":["https:\/\/groupejaco.ca\/contact-apres-sinistre\/"]}]},{"@type":"ImageObject","inLanguage":"en-US","@id":"https:\/\/groupejaco.ca\/contact-apres-sinistre\/#primaryimage","url":"https:\/\/groupejaco.ca\/wp-content\/uploads\/Groupe-Jaco-MS3-Entrepreneur-General-Construction-Renovation-Service-Apres-Sinistre-Nettoyage-Decontamination-Demolition.webp","contentUrl":"https:\/\/groupejaco.ca\/wp-content\/uploads\/Groupe-Jaco-MS3-Entrepreneur-General-Construction-Renovation-Service-Apres-Sinistre-Nettoyage-Decontamination-Demolition.webp","width":1000,"height":564,"caption":"Groupe Jaco MS3 Entrepreneur Ge\u0301ne\u0301ral Construction Re\u0301novation Service Apre\u0300s Sinistre Nettoyage De\u0301contamination De\u0301molition"},{"@type":"BreadcrumbList","@id":"https:\/\/groupejaco.ca\/contact-apres-sinistre\/#breadcrumb","itemListElement":[{"@type":"ListItem","position":1,"name":"Accueil","item":"https:\/\/groupejaco.ca\/"},{"@type":"ListItem","position":2,"name":"Contact apr\u00e8s sinistre"}]},{"@type":"WebSite","@id":"https:\/\/groupejaco.ca\/#website","url":"https:\/\/groupejaco.ca\/","name":"Groupe Jaco","description":"Entrepreneur commercial et r\u00e9sidentiel \u2022 Nettoyage apr\u00e8s-sinistre","publisher":{"@id":"https:\/\/groupejaco.ca\/#organization"},"alternateName":"Jaco","potentialAction":[{"@type":"SearchAction","target":{"@type":"EntryPoint","urlTemplate":"https:\/\/groupejaco.ca\/?s={search_term_string}"},"query-input":{"@type":"PropertyValueSpecification","valueRequired":true,"valueName":"search_term_string"}}],"inLanguage":"en-US"},{"@type":"Organization","@id":"https:\/\/groupejaco.ca\/#organization","name":"Groupe Jaco Inc","url":"https:\/\/groupejaco.ca\/","logo":{"@type":"ImageObject","inLanguage":"en-US","@id":"https:\/\/groupejaco.ca\/#\/schema\/logo\/image\/","url":"https:\/\/groupejaco.ca\/wp-content\/uploads\/Groupe-Jaco-MS2-Entrepreneur-General-Construction-Renovation-Service-Apres-Sinistre-Nettoyage-Decontamination-Demolition.webp","contentUrl":"https:\/\/groupejaco.ca\/wp-content\/uploads\/Groupe-Jaco-MS2-Entrepreneur-General-Construction-Renovation-Service-Apres-Sinistre-Nettoyage-Decontamination-Demolition.webp","width":1000,"height":564,"caption":"Groupe Jaco Inc"},"image":{"@id":"https:\/\/groupejaco.ca\/#\/schema\/logo\/image\/"},"sameAs":["https:\/\/www.facebook.com\/GroupeJaco"]}]}},"_links":{"self":[{"href":"https:\/\/groupejaco.ca\/en\/wp-json\/wp\/v2\/pages\/31","targetHints":{"allow":["GET"]}}],"collection":[{"href":"https:\/\/groupejaco.ca\/en\/wp-json\/wp\/v2\/pages"}],"about":[{"href":"https:\/\/groupejaco.ca\/en\/wp-json\/wp\/v2\/types\/page"}],"author":[{"embeddable":true,"href":"https:\/\/groupejaco.ca\/en\/wp-json\/wp\/v2\/users\/3"}],"replies":[{"embeddable":true,"href":"https:\/\/groupejaco.ca\/en\/wp-json\/wp\/v2\/comments?post=31"}],"version-history":[{"count":2,"href":"https:\/\/groupejaco.ca\/en\/wp-json\/wp\/v2\/pages\/31\/revisions"}],"predecessor-version":[{"id":2123,"href":"https:\/\/groupejaco.ca\/en\/wp-json\/wp\/v2\/pages\/31\/revisions\/2123"}],"wp:featuredmedia":[{"embeddable":true,"href":"https:\/\/groupejaco.ca\/en\/wp-json\/wp\/v2\/media\/1880"}],"wp:attachment":[{"href":"https:\/\/groupejaco.ca\/en\/wp-json\/wp\/v2\/media?parent=31"}],"wp:term":[{"taxonomy":"category","embeddable":true,"href":"https:\/\/groupejaco.ca\/en\/wp-json\/wp\/v2\/categories?post=31"},{"taxonomy":"post_tag","embeddable":true,"href":"https:\/\/groupejaco.ca\/en\/wp-json\/wp\/v2\/tags?post=31"}],"curies":[{"name":"wp","href":"https:\/\/api.w.org\/{rel}","templated":true}]}}