{"id":1795,"date":"2023-06-14T22:02:40","date_gmt":"2023-06-15T02:02:40","guid":{"rendered":"https:\/\/groupejaco.ca\/?page_id=1795"},"modified":"2023-09-06T16:09:58","modified_gmt":"2023-09-06T20:09:58","slug":"realisations-apres-sinistre","status":"publish","type":"page","link":"https:\/\/groupejaco.ca\/en\/realisations-apres-sinistre\/","title":{"rendered":"R\u00e9alisations Apr\u00e8s Sinistre"},"content":{"rendered":"<img decoding=\"async\" src=\"https:\/\/groupejaco.ca\/wp-content\/uploads\/Realisations-JACO-ICON.webp\" alt=\"Re\u0301alisations JACO ICON\" title=\"Re\u0301alisations JACO ICON\" itemprop=\"image\"\/>\n\t\t\t<h3>POST DISASTER ACHIEVEMENTS<\/h3>\t\t\t\n\t\t\t\t\t\t<h3>\n\t\t\t\t<a href=\"https:\/\/groupejaco.ca\/en\/ste-rose-demolition\/\" title=\"Ste-Rose &#8211; D\u00e9molition\" tabindex=\"0\">Ste-Rose &#8211; D\u00e9molition<\/a>\t\t\t<\/h3>\n\t\t\t\t\t\t\t\t\t\t\t\t\t\t<a href=\"https:\/\/groupejaco.ca\/en\/ste-rose-demolition\/\" target=\"_self\" title=\"Ste-Rose &#8211; D\u00e9molition\" rel=\"noopener\">\n\t\t\t\t<img decoding=\"async\" src=\"https:\/\/groupejaco.ca\/wp-content\/uploads\/Projet_Demolition_Ste-Rose_Poster-Groupe-Jaco-Entrepreneur-General-1018.webp\" alt=\"Projet De\u0301molition Ste Rose Poster Groupe Jaco Entrepreneur Ge\u0301ne\u0301ral 1018\" \/>\n\t\t\t\t<\/a>\n\t\t\t\t\t\t<h3>\n\t\t\t\t<a href=\"https:\/\/groupejaco.ca\/en\/demolition-st-denis\/\" title=\"St-Denis &#8211; De\u0301molition\" tabindex=\"0\">St-Denis - Demolition<\/a>\t\t\t<\/h3>\n\t\t\t\t\t\t\t\t\t\t\t\t\t\t<a href=\"https:\/\/groupejaco.ca\/en\/demolition-st-denis\/\" target=\"_self\" title=\"St-Denis &#8211; De\u0301molition\" rel=\"noopener\">\n\t\t\t\t<img decoding=\"async\" src=\"https:\/\/groupejaco.ca\/wp-content\/uploads\/Demolition_St-Denis_Poster-Groupe-Jaco-Service-Apres-Sinistre-Nettoyage-Decontamination-Demolition-Renovation.webp\" alt=\"De\u0301molition St Denis Poster Groupe Jaco Service Apre\u0300s Sinistre Nettoyage De\u0301contamination De\u0301molition Re\u0301novation\" \/>\n\t\t\t\t<\/a>\n\t\t\t\t\t\t<h3>\n\t\t\t\t<a href=\"https:\/\/groupejaco.ca\/en\/projet-anjou\/\" title=\"Anjou Project\" tabindex=\"0\">Anjou Project<\/a>\t\t\t<\/h3>\n\t\t\t\t\t\t\t\t\t\t\t\t\t\t<a href=\"https:\/\/groupejaco.ca\/en\/projet-anjou\/\" target=\"_self\" title=\"Anjou Project\" rel=\"noopener\">\n\t\t\t\t<img decoding=\"async\" src=\"https:\/\/groupejaco.ca\/wp-content\/uploads\/Anjou_Poster-Groupe-Jaco-Service-Apres-Sinistre-Nettoyage-Decontamination-Demolition-Renovation.jpg\" alt=\"Anjou Poster Groupe Jaco Service Apre\u0300s Sinistre Nettoyage De\u0301contamination De\u0301molition Re\u0301novation\" \/>\n\t\t\t\t<\/a>\n\t\t\t\t\t\t<h3>\n\t\t\t\t<a href=\"https:\/\/groupejaco.ca\/en\/peltrie\/\" title=\"Peltrie &#8211; D\u00e9molition amiante\" tabindex=\"0\">Peltrie - Asbestos demolition<\/a>\t\t\t<\/h3>\n\t\t\t\t\t\t\t\t\t\t\t\t\t\t<a href=\"https:\/\/groupejaco.ca\/en\/peltrie\/\" target=\"_self\" title=\"Peltrie &#8211; D\u00e9molition amiante\" rel=\"noopener\">\n\t\t\t\t<img decoding=\"async\" src=\"https:\/\/groupejaco.ca\/wp-content\/uploads\/Peltrie_poster-Groupe-Jaco-Service-Apres-Sinistre-Nettoyage-Decontamination-Demolition-Renovation.webp\" alt=\"Peltrie poster Groupe Jaco Service Apre\u0300s Sinistre Nettoyage De\u0301contamination De\u0301molition Re\u0301novation\" \/>\n\t\t\t\t<\/a>\n\t\t\t\t\t\t<h3>\n\t\t\t\t<a href=\"https:\/\/groupejaco.ca\/en\/massage-expert\/\" title=\"Massage Expert\" tabindex=\"0\">Massage Expert<\/a>\t\t\t<\/h3>\n\t\t\t\t\t\t\t\t\t\t\t\t\t\t<a href=\"https:\/\/groupejaco.ca\/en\/massage-expert\/\" target=\"_self\" title=\"Massage Expert\" rel=\"noopener\">\n\t\t\t\t<img decoding=\"async\" src=\"https:\/\/groupejaco.ca\/wp-content\/uploads\/Massage_Expert_Poster-Groupe-Jaco-Service-Apres-Sinistre-Nettoyage-Decontamination-Demolition-Renovation.webp\" alt=\"Massage Expert Poster Groupe Jaco Service Apre\u0300s Sinistre Nettoyage De\u0301contamination De\u0301molition Re\u0301novation\" \/>\n\t\t\t\t<\/a>\n\t\t\t\t\t\t<h3>\n\t\t\t\t<a href=\"https:\/\/groupejaco.ca\/en\/marin\/\" title=\"Marin &#8211; D\u00e9molition amiante\" tabindex=\"0\">Marin - Asbestos demolition<\/a>\t\t\t<\/h3>\n\t\t\t\t\t\t\t\t\t\t\t\t\t\t<a href=\"https:\/\/groupejaco.ca\/en\/marin\/\" target=\"_self\" title=\"Marin &#8211; D\u00e9molition amiante\" rel=\"noopener\">\n\t\t\t\t<img decoding=\"async\" src=\"https:\/\/groupejaco.ca\/wp-content\/uploads\/Marin_Poster-Demolition-Amiante-Groupe-Jaco-Service-Apres-Sinistre-Nettoyage-Decontamination-Demolition-Renovation.webp\" alt=\"Marin Poster De\u0301molition Amiante Groupe Jaco Service Apre\u0300s Sinistre Nettoyage De\u0301contamination De\u0301molition Re\u0301novation\" \/>\n\t\t\t\t<\/a>\n\t\t\t\t\t\t<h3>\n\t\t\t\t<a href=\"https:\/\/groupejaco.ca\/en\/inondation-sump-pump\/\" title=\"Flood with sump pump\" tabindex=\"0\">Flood with sump pump<\/a>\t\t\t<\/h3>\n\t\t\t\t\t\t\t\t\t\t\t\t\t\t<a href=\"https:\/\/groupejaco.ca\/en\/inondation-sump-pump\/\" target=\"_self\" title=\"Flood with sump pump\" rel=\"noopener\">\n\t\t\t\t<img decoding=\"async\" src=\"https:\/\/groupejaco.ca\/wp-content\/uploads\/Inondation_Poster_Sump_Pump-Groupe-Jaco-Service-Apres-Sinistre-Nettoyage-Decontamination-Demolition-Renovation.webp\" alt=\"Inondation Poster Sump Pump Groupe Jaco Service Apre\u0300s Sinistre Nettoyage De\u0301contamination De\u0301molition Re\u0301novation\" \/>\n\t\t\t\t<\/a>\n\t\t\t\t\t\t<h3>\n\t\t\t\t<a href=\"https:\/\/groupejaco.ca\/en\/exotica\/\" title=\"Exotica\" tabindex=\"0\">Exotica<\/a>\t\t\t<\/h3>\n\t\t\t\t\t\t\t\t\t\t\t\t\t\t<a href=\"https:\/\/groupejaco.ca\/en\/exotica\/\" target=\"_self\" title=\"Exotica\" rel=\"noopener\">\n\t\t\t\t<img decoding=\"async\" src=\"https:\/\/groupejaco.ca\/wp-content\/uploads\/Exotica_Poster-Groupe-Jaco-Service-Apres-Sinistre-Nettoyage-Decontamination-Demolition-Renovation.webp\" alt=\"Exotica Poster Groupe Jaco Service Apre\u0300s Sinistre Nettoyage De\u0301contamination De\u0301molition Re\u0301novation\" \/>\n\t\t\t\t<\/a>\n\t\t\t<a href=\"https:\/\/www.facebook.com\/GroupeJaco\/\" target=\"_blank\" rel=\"noopener\" role=\"button\" aria-label=\"Other project news on our social page \u25b8\">\n\t\t\t\t\t\t\tOther project news on our social page \u25b8\n\t\t<\/a>","protected":false},"excerpt":{"rendered":"<p>R\u00c9ALISATIONS APR\u00c8S SINISTRE Ste-Rose &#8211; D\u00e9molition St-Denis &#8211; De\u0301molition Projet Anjou Peltrie &#8211; D\u00e9molition amiante Massage Expert Marin &#8211; D\u00e9molition amiante Inondation avec sump pump Exotica Autre actualit\u00e9s de projets sur notre page \u25b8<\/p>","protected":false},"author":3,"featured_media":1880,"parent":0,"menu_order":0,"comment_status":"closed","ping_status":"closed","template":"","meta":{"inline_featured_image":false,"footnotes":""},"categories":[31],"tags":[],"class_list":["post-1795","page","type-page","status-publish","has-post-thumbnail","hentry","category-apres-sinistre"],"yoast_head":"<!-- This site is optimized with the Yoast SEO Premium plugin v20.11 (Yoast SEO v27.1.1) - https:\/\/yoast.com\/product\/yoast-seo-premium-wordpress\/ -->\n<title>R\u00e9alisations | Groupe Jaco | Service Apr\u00e8s Sinistre<\/title>\n<meta name=\"description\" content=\"R\u00e9alisations en r\u00e9novation, d\u00e9molition et construction de la division Apr\u00e8s Sinistre du Groupe Jaco Entrepreneur G\u00e9n\u00e9ral inc.\" \/>\n<meta name=\"robots\" content=\"index, follow, max-snippet:-1, max-image-preview:large, max-video-preview:-1\" \/>\n<link rel=\"canonical\" href=\"https:\/\/groupejaco.ca\/en\/realisations-apres-sinistre\/\" \/>\n<meta property=\"og:locale\" content=\"en_US\" \/>\n<meta property=\"og:type\" content=\"article\" \/>\n<meta property=\"og:title\" content=\"R\u00e9alisations | Groupe Jaco | Service Apr\u00e8s Sinistre\" \/>\n<meta property=\"og:description\" content=\"R\u00e9alisations en r\u00e9novation, d\u00e9molition et construction de la division Apr\u00e8s Sinistre du Groupe Jaco Entrepreneur G\u00e9n\u00e9ral inc.\" \/>\n<meta property=\"og:url\" content=\"https:\/\/groupejaco.ca\/en\/realisations-apres-sinistre\/\" \/>\n<meta property=\"og:site_name\" content=\"Groupe Jaco\" \/>\n<meta property=\"article:publisher\" content=\"https:\/\/www.facebook.com\/GroupeJaco\" \/>\n<meta property=\"article:modified_time\" content=\"2023-09-06T20:09:58+00:00\" \/>\n<meta property=\"og:image\" content=\"https:\/\/groupejaco.ca\/wp-content\/uploads\/Groupe-Jaco-MS3-Entrepreneur-General-Construction-Renovation-Service-Apres-Sinistre-Nettoyage-Decontamination-Demolition.webp\" \/>\n\t<meta property=\"og:image:width\" content=\"1000\" \/>\n\t<meta property=\"og:image:height\" content=\"564\" \/>\n\t<meta property=\"og:image:type\" content=\"image\/webp\" \/>\n<meta name=\"twitter:card\" content=\"summary_large_image\" \/>\n<meta name=\"twitter:title\" content=\"R\u00e9alisations | Groupe Jaco | Service Apr\u00e8s Sinistre\" \/>\n<meta name=\"twitter:description\" content=\"R\u00e9alisations en r\u00e9novation, d\u00e9molition et construction de la division Apr\u00e8s Sinistre du Groupe Jaco Entrepreneur G\u00e9n\u00e9ral inc.\" \/>\n<meta name=\"twitter:label1\" content=\"Est. reading time\" \/>\n\t<meta name=\"twitter:data1\" content=\"2 minutes\" \/>\n<script type=\"application\/ld+json\" class=\"yoast-schema-graph\">{\"@context\":\"https:\/\/schema.org\",\"@graph\":[{\"@type\":\"WebPage\",\"@id\":\"https:\/\/groupejaco.ca\/realisations-apres-sinistre\/\",\"url\":\"https:\/\/groupejaco.ca\/realisations-apres-sinistre\/\",\"name\":\"R\u00e9alisations | Groupe Jaco | Service Apr\u00e8s Sinistre\",\"isPartOf\":{\"@id\":\"https:\/\/groupejaco.ca\/#website\"},\"primaryImageOfPage\":{\"@id\":\"https:\/\/groupejaco.ca\/realisations-apres-sinistre\/#primaryimage\"},\"image\":{\"@id\":\"https:\/\/groupejaco.ca\/realisations-apres-sinistre\/#primaryimage\"},\"thumbnailUrl\":\"https:\/\/groupejaco.ca\/wp-content\/uploads\/Groupe-Jaco-MS3-Entrepreneur-General-Construction-Renovation-Service-Apres-Sinistre-Nettoyage-Decontamination-Demolition.webp\",\"datePublished\":\"2023-06-15T02:02:40+00:00\",\"dateModified\":\"2023-09-06T20:09:58+00:00\",\"description\":\"R\u00e9alisations en r\u00e9novation, d\u00e9molition et construction de la division Apr\u00e8s Sinistre du Groupe Jaco Entrepreneur G\u00e9n\u00e9ral inc.\",\"breadcrumb\":{\"@id\":\"https:\/\/groupejaco.ca\/realisations-apres-sinistre\/#breadcrumb\"},\"inLanguage\":\"en-US\",\"potentialAction\":[{\"@type\":\"ReadAction\",\"target\":[\"https:\/\/groupejaco.ca\/realisations-apres-sinistre\/\"]}]},{\"@type\":\"ImageObject\",\"inLanguage\":\"en-US\",\"@id\":\"https:\/\/groupejaco.ca\/realisations-apres-sinistre\/#primaryimage\",\"url\":\"https:\/\/groupejaco.ca\/wp-content\/uploads\/Groupe-Jaco-MS3-Entrepreneur-General-Construction-Renovation-Service-Apres-Sinistre-Nettoyage-Decontamination-Demolition.webp\",\"contentUrl\":\"https:\/\/groupejaco.ca\/wp-content\/uploads\/Groupe-Jaco-MS3-Entrepreneur-General-Construction-Renovation-Service-Apres-Sinistre-Nettoyage-Decontamination-Demolition.webp\",\"width\":1000,\"height\":564,\"caption\":\"Groupe Jaco MS3 Entrepreneur Ge\u0301ne\u0301ral Construction Re\u0301novation Service Apre\u0300s Sinistre Nettoyage De\u0301contamination De\u0301molition\"},{\"@type\":\"BreadcrumbList\",\"@id\":\"https:\/\/groupejaco.ca\/realisations-apres-sinistre\/#breadcrumb\",\"itemListElement\":[{\"@type\":\"ListItem\",\"position\":1,\"name\":\"Accueil\",\"item\":\"https:\/\/groupejaco.ca\/\"},{\"@type\":\"ListItem\",\"position\":2,\"name\":\"R\u00e9alisations Apr\u00e8s Sinistre\"}]},{\"@type\":\"WebSite\",\"@id\":\"https:\/\/groupejaco.ca\/#website\",\"url\":\"https:\/\/groupejaco.ca\/\",\"name\":\"Groupe Jaco\",\"description\":\"Entrepreneur commercial et r\u00e9sidentiel \u2022 Nettoyage apr\u00e8s-sinistre\",\"publisher\":{\"@id\":\"https:\/\/groupejaco.ca\/#organization\"},\"alternateName\":\"Jaco\",\"potentialAction\":[{\"@type\":\"SearchAction\",\"target\":{\"@type\":\"EntryPoint\",\"urlTemplate\":\"https:\/\/groupejaco.ca\/?s={search_term_string}\"},\"query-input\":{\"@type\":\"PropertyValueSpecification\",\"valueRequired\":true,\"valueName\":\"search_term_string\"}}],\"inLanguage\":\"en-US\"},{\"@type\":\"Organization\",\"@id\":\"https:\/\/groupejaco.ca\/#organization\",\"name\":\"Groupe Jaco Inc\",\"url\":\"https:\/\/groupejaco.ca\/\",\"logo\":{\"@type\":\"ImageObject\",\"inLanguage\":\"en-US\",\"@id\":\"https:\/\/groupejaco.ca\/#\/schema\/logo\/image\/\",\"url\":\"https:\/\/groupejaco.ca\/wp-content\/uploads\/Groupe-Jaco-MS2-Entrepreneur-General-Construction-Renovation-Service-Apres-Sinistre-Nettoyage-Decontamination-Demolition.webp\",\"contentUrl\":\"https:\/\/groupejaco.ca\/wp-content\/uploads\/Groupe-Jaco-MS2-Entrepreneur-General-Construction-Renovation-Service-Apres-Sinistre-Nettoyage-Decontamination-Demolition.webp\",\"width\":1000,\"height\":564,\"caption\":\"Groupe Jaco Inc\"},\"image\":{\"@id\":\"https:\/\/groupejaco.ca\/#\/schema\/logo\/image\/\"},\"sameAs\":[\"https:\/\/www.facebook.com\/GroupeJaco\"]}]}<\/script>\n<!-- \/ Yoast SEO Premium plugin. -->","yoast_head_json":{"title":"R\u00e9alisations | Groupe Jaco | Service Apr\u00e8s Sinistre","description":"R\u00e9alisations en r\u00e9novation, d\u00e9molition et construction de la division Apr\u00e8s Sinistre du Groupe Jaco Entrepreneur G\u00e9n\u00e9ral inc.","robots":{"index":"index","follow":"follow","max-snippet":"max-snippet:-1","max-image-preview":"max-image-preview:large","max-video-preview":"max-video-preview:-1"},"canonical":"https:\/\/groupejaco.ca\/en\/realisations-apres-sinistre\/","og_locale":"en_US","og_type":"article","og_title":"R\u00e9alisations | Groupe Jaco | Service Apr\u00e8s Sinistre","og_description":"R\u00e9alisations en r\u00e9novation, d\u00e9molition et construction de la division Apr\u00e8s Sinistre du Groupe Jaco Entrepreneur G\u00e9n\u00e9ral inc.","og_url":"https:\/\/groupejaco.ca\/en\/realisations-apres-sinistre\/","og_site_name":"Groupe Jaco","article_publisher":"https:\/\/www.facebook.com\/GroupeJaco","article_modified_time":"2023-09-06T20:09:58+00:00","og_image":[{"width":1000,"height":564,"url":"https:\/\/groupejaco.ca\/wp-content\/uploads\/Groupe-Jaco-MS3-Entrepreneur-General-Construction-Renovation-Service-Apres-Sinistre-Nettoyage-Decontamination-Demolition.webp","type":"image\/webp"}],"twitter_card":"summary_large_image","twitter_title":"R\u00e9alisations | Groupe Jaco | Service Apr\u00e8s Sinistre","twitter_description":"R\u00e9alisations en r\u00e9novation, d\u00e9molition et construction de la division Apr\u00e8s Sinistre du Groupe Jaco Entrepreneur G\u00e9n\u00e9ral inc.","twitter_misc":{"Est. reading time":"2 minutes"},"schema":{"@context":"https:\/\/schema.org","@graph":[{"@type":"WebPage","@id":"https:\/\/groupejaco.ca\/realisations-apres-sinistre\/","url":"https:\/\/groupejaco.ca\/realisations-apres-sinistre\/","name":"R\u00e9alisations | Groupe Jaco | Service Apr\u00e8s Sinistre","isPartOf":{"@id":"https:\/\/groupejaco.ca\/#website"},"primaryImageOfPage":{"@id":"https:\/\/groupejaco.ca\/realisations-apres-sinistre\/#primaryimage"},"image":{"@id":"https:\/\/groupejaco.ca\/realisations-apres-sinistre\/#primaryimage"},"thumbnailUrl":"https:\/\/groupejaco.ca\/wp-content\/uploads\/Groupe-Jaco-MS3-Entrepreneur-General-Construction-Renovation-Service-Apres-Sinistre-Nettoyage-Decontamination-Demolition.webp","datePublished":"2023-06-15T02:02:40+00:00","dateModified":"2023-09-06T20:09:58+00:00","description":"R\u00e9alisations en r\u00e9novation, d\u00e9molition et construction de la division Apr\u00e8s Sinistre du Groupe Jaco Entrepreneur G\u00e9n\u00e9ral inc.","breadcrumb":{"@id":"https:\/\/groupejaco.ca\/realisations-apres-sinistre\/#breadcrumb"},"inLanguage":"en-US","potentialAction":[{"@type":"ReadAction","target":["https:\/\/groupejaco.ca\/realisations-apres-sinistre\/"]}]},{"@type":"ImageObject","inLanguage":"en-US","@id":"https:\/\/groupejaco.ca\/realisations-apres-sinistre\/#primaryimage","url":"https:\/\/groupejaco.ca\/wp-content\/uploads\/Groupe-Jaco-MS3-Entrepreneur-General-Construction-Renovation-Service-Apres-Sinistre-Nettoyage-Decontamination-Demolition.webp","contentUrl":"https:\/\/groupejaco.ca\/wp-content\/uploads\/Groupe-Jaco-MS3-Entrepreneur-General-Construction-Renovation-Service-Apres-Sinistre-Nettoyage-Decontamination-Demolition.webp","width":1000,"height":564,"caption":"Groupe Jaco MS3 Entrepreneur Ge\u0301ne\u0301ral Construction Re\u0301novation Service Apre\u0300s Sinistre Nettoyage De\u0301contamination De\u0301molition"},{"@type":"BreadcrumbList","@id":"https:\/\/groupejaco.ca\/realisations-apres-sinistre\/#breadcrumb","itemListElement":[{"@type":"ListItem","position":1,"name":"Accueil","item":"https:\/\/groupejaco.ca\/"},{"@type":"ListItem","position":2,"name":"R\u00e9alisations Apr\u00e8s Sinistre"}]},{"@type":"WebSite","@id":"https:\/\/groupejaco.ca\/#website","url":"https:\/\/groupejaco.ca\/","name":"Groupe Jaco","description":"Entrepreneur commercial et r\u00e9sidentiel \u2022 Nettoyage apr\u00e8s-sinistre","publisher":{"@id":"https:\/\/groupejaco.ca\/#organization"},"alternateName":"Jaco","potentialAction":[{"@type":"SearchAction","target":{"@type":"EntryPoint","urlTemplate":"https:\/\/groupejaco.ca\/?s={search_term_string}"},"query-input":{"@type":"PropertyValueSpecification","valueRequired":true,"valueName":"search_term_string"}}],"inLanguage":"en-US"},{"@type":"Organization","@id":"https:\/\/groupejaco.ca\/#organization","name":"Groupe Jaco Inc","url":"https:\/\/groupejaco.ca\/","logo":{"@type":"ImageObject","inLanguage":"en-US","@id":"https:\/\/groupejaco.ca\/#\/schema\/logo\/image\/","url":"https:\/\/groupejaco.ca\/wp-content\/uploads\/Groupe-Jaco-MS2-Entrepreneur-General-Construction-Renovation-Service-Apres-Sinistre-Nettoyage-Decontamination-Demolition.webp","contentUrl":"https:\/\/groupejaco.ca\/wp-content\/uploads\/Groupe-Jaco-MS2-Entrepreneur-General-Construction-Renovation-Service-Apres-Sinistre-Nettoyage-Decontamination-Demolition.webp","width":1000,"height":564,"caption":"Groupe Jaco Inc"},"image":{"@id":"https:\/\/groupejaco.ca\/#\/schema\/logo\/image\/"},"sameAs":["https:\/\/www.facebook.com\/GroupeJaco"]}]}},"_links":{"self":[{"href":"https:\/\/groupejaco.ca\/en\/wp-json\/wp\/v2\/pages\/1795","targetHints":{"allow":["GET"]}}],"collection":[{"href":"https:\/\/groupejaco.ca\/en\/wp-json\/wp\/v2\/pages"}],"about":[{"href":"https:\/\/groupejaco.ca\/en\/wp-json\/wp\/v2\/types\/page"}],"author":[{"embeddable":true,"href":"https:\/\/groupejaco.ca\/en\/wp-json\/wp\/v2\/users\/3"}],"replies":[{"embeddable":true,"href":"https:\/\/groupejaco.ca\/en\/wp-json\/wp\/v2\/comments?post=1795"}],"version-history":[{"count":0,"href":"https:\/\/groupejaco.ca\/en\/wp-json\/wp\/v2\/pages\/1795\/revisions"}],"wp:featuredmedia":[{"embeddable":true,"href":"https:\/\/groupejaco.ca\/en\/wp-json\/wp\/v2\/media\/1880"}],"wp:attachment":[{"href":"https:\/\/groupejaco.ca\/en\/wp-json\/wp\/v2\/media?parent=1795"}],"wp:term":[{"taxonomy":"category","embeddable":true,"href":"https:\/\/groupejaco.ca\/en\/wp-json\/wp\/v2\/categories?post=1795"},{"taxonomy":"post_tag","embeddable":true,"href":"https:\/\/groupejaco.ca\/en\/wp-json\/wp\/v2\/tags?post=1795"}],"curies":[{"name":"wp","href":"https:\/\/api.w.org\/{rel}","templated":true}]}}