{"id":1318,"date":"2023-06-01T14:27:28","date_gmt":"2023-06-01T18:27:28","guid":{"rendered":"https:\/\/groupejaco.ca\/?page_id=1318"},"modified":"2023-07-12T13:26:01","modified_gmt":"2023-07-12T17:26:01","slug":"accueil","status":"publish","type":"page","link":"https:\/\/groupejaco.ca\/en\/","title":{"rendered":"Home"},"content":{"rendered":"<link itemprop=\"url\" href=\"https:\/\/groupejaco.ca\"\/>\n\t\t<a itemprop=\"sameAs\" href=\"https:\/\/www.facebook.com\/GroupeJaco\/\" target=\"_blank\" title=\"Facebook\" aria-label=\"Facebook\" role=\"button\" rel=\"noopener noreferrer external\">\n\t\t\t\t\t<\/a>\n\t\t<link itemprop=\"url\" href=\"https:\/\/groupejaco.ca\"\/>\n\t\t<a itemprop=\"sameAs\" href=\"mailto:Jvena@groupejaco.ca\" target=\"_self\" title=\"Email\" aria-label=\"Email\" role=\"button\" rel=\"noopener\">\n\t\t\t\t\t<\/a>\n\t\t\t\t<img decoding=\"async\" src=\"https:\/\/groupejaco.ca\/wp-content\/uploads\/Groupe-Jaco-logo_Gold-Entrepreneur-General-et-Expert-Apres-Sinistre.svg\" alt=\"Groupe Jaco logo Gold Entrepreneur Ge\u0301ne\u0301ral et Expert Apre\u0300s Sinistre\" title=\"Groupe Jaco logo Gold Entrepreneur Ge\u0301ne\u0301ral et Expert Apre\u0300s Sinistre\" itemprop=\"image\"\/>\n\t\t\t\t<p>General Contractor<\/p>\n\t<a href=\"https:\/\/groupejaco.ca\/en\/entrepreneur-general\/\" target=\"_self\" aria-label=\"Go to https:\/\/groupejaco.ca\/entrepreneur-general\/\" rel=\"noopener\"><\/a>\n\t\t\t\t<img decoding=\"async\" src=\"https:\/\/groupejaco.ca\/wp-content\/uploads\/Professionnels-Groupe-Jaco-Entrepreneur-General-Construction-Renovation-Demolition-Decontamination.webp\" alt=\"Professionnels Groupe Jaco Entrepreneur Ge\u0301ne\u0301ral Construction Re\u0301novation De\u0301molition De\u0301contamination\" title=\"Professionals Jaco Group General Contractor Construction Renovation Demolition Decontamination\" itemprop=\"image\"\/>\n\t\t<h2>GENERAL CONTRACTOR<\/h2>\t\t\t\n\t\t\t\t<p>Entrepreneur g\u00e9n\u00e9ral r\u00e9sidentiel, commercial, institutionnel, industriel, prestige et grandes surfaces. Travaux structurels, travaux de charpente, agrandissement, r\u00e9novation cl\u00e9 en main et r\u00e9am\u00e9nagement commercial.<\/p>\n\t<a href=\"https:\/\/groupejaco.ca\/en\/sinistre\/\" target=\"_self\" aria-label=\"Go to https:\/\/groupejaco.ca\/sinistre\/\" rel=\"noopener\"><\/a>\n\t\t\t\t<img decoding=\"async\" src=\"https:\/\/groupejaco.ca\/wp-content\/uploads\/Expert-Groupe-Jaco-Expert-Apre\u0300s-Sinistre-Nettoyage-De\u0301contamination-Entrepreneur-Ge\u0301ne\u0301ral-Construction-Re\u0301novation.webp\" alt=\"Expert Groupe Jaco Expert Apre\u0300s Sinistre Nettoyage De\u0301contamination Entrepreneur Ge\u0301ne\u0301ral Construction Re\u0301novation\" title=\"Expert Groupe Jaco Expert Apre\u0300s Sinistre Nettoyage De\u0301contamination Entrepreneur Ge\u0301ne\u0301ral Construction Re\u0301novation\" itemprop=\"image\"\/>\n\t\t<h2>POST DISASTER SERVICES<\/h2>\t\t\t\n\t\t\t\t<p>Decontamination and specialized cleaning for all types of disasters with 24\/7 emergency service. Decontamination, demolition, specialized cleaning, drying, fire damage, water and vandalism, barricading, reconstruction.<\/p>","protected":false},"excerpt":{"rendered":"<p>Entrepreneur G\u00e9n\u00e9ral ENTREPRENEUR G\u00c9N\u00c9RAL Entrepreneur g\u00e9n\u00e9ral r\u00e9sidentiel, commercial, institutionnel, industriel, prestige et grandes surfaces. Travaux structurels, travaux de charpente, agrandissement, r\u00e9novation cl\u00e9 en main et r\u00e9am\u00e9nagement commercial. SERVICE APR\u00c8S SINISTRE D\u00e9contamination et nettoyage sp\u00e9cialis\u00e9 pour tout types de sinistres avec service d&rsquo;urgence 24\/7. D\u00e9contamination, d\u00e9molition, nettoyage sp\u00e9cialis\u00e9, ass\u00e8chement, d\u00e9g\u00e2t de feu, eau et vandalisme, barricadage,&hellip;<\/p>","protected":false},"author":3,"featured_media":1873,"parent":0,"menu_order":0,"comment_status":"closed","ping_status":"closed","template":"","meta":{"inline_featured_image":false,"footnotes":""},"categories":[],"tags":[],"class_list":["post-1318","page","type-page","status-publish","has-post-thumbnail","hentry"],"yoast_head":"<!-- This site is optimized with the Yoast SEO Premium plugin v20.11 (Yoast SEO v27.1.1) - https:\/\/yoast.com\/product\/yoast-seo-premium-wordpress\/ -->\n<title>Groupe Jaco | Entrepreneur G\u00e9n\u00e9ral<\/title>\n<meta name=\"description\" content=\"Expert en travaux structurels, charpentes et r\u00e9novation pour du r\u00e9sidentiel, commercial, institutionnel et industriel, dot\u00e9 d&#039;une division Apr\u00e8s Sinistre.\" \/>\n<meta name=\"robots\" content=\"index, follow, max-snippet:-1, max-image-preview:large, max-video-preview:-1\" \/>\n<link rel=\"canonical\" href=\"https:\/\/groupejaco.ca\/en\/\" \/>\n<meta property=\"og:locale\" content=\"en_US\" \/>\n<meta property=\"og:type\" content=\"article\" \/>\n<meta property=\"og:title\" content=\"Groupe Jaco | Entrepreneur G\u00e9n\u00e9ral\" \/>\n<meta property=\"og:description\" content=\"Expert en travaux structurels, charpentes et r\u00e9novation pour du r\u00e9sidentiel, commercial, institutionnel et industriel, dot\u00e9 d&#039;une division Apr\u00e8s Sinistre.\" \/>\n<meta property=\"og:url\" content=\"https:\/\/groupejaco.ca\/en\/\" \/>\n<meta property=\"og:site_name\" content=\"Groupe Jaco\" \/>\n<meta property=\"article:publisher\" content=\"https:\/\/www.facebook.com\/GroupeJaco\" \/>\n<meta property=\"article:modified_time\" content=\"2023-07-12T17:26:01+00:00\" \/>\n<meta property=\"og:image\" content=\"https:\/\/groupejaco.ca\/wp-content\/uploads\/Groupe-Jaco-MS2-Entrepreneur-General-Construction-Renovation-Service-Apres-Sinistre-Nettoyage-Decontamination-Demolition.webp\" \/>\n\t<meta property=\"og:image:width\" content=\"1000\" \/>\n\t<meta property=\"og:image:height\" content=\"564\" \/>\n\t<meta property=\"og:image:type\" content=\"image\/webp\" \/>\n<meta name=\"twitter:card\" content=\"summary_large_image\" \/>\n<meta name=\"twitter:title\" content=\"Groupe Jaco | Entrepreneur G\u00e9n\u00e9ral\" \/>\n<meta name=\"twitter:description\" content=\"Expert en travaux structurels, charpentes et r\u00e9novation pour du r\u00e9sidentiel, commercial, institutionnel et industriel, dot\u00e9 d&#039;une division Apr\u00e8s Sinistre.\" \/>\n<meta name=\"twitter:image\" content=\"https:\/\/groupejaco.ca\/wp-content\/uploads\/Groupe-Jaco-MS2-Entrepreneur-General-Construction-Renovation-Service-Apres-Sinistre-Nettoyage-Decontamination-Demolition.webp\" \/>\n<meta name=\"twitter:label1\" content=\"Est. reading time\" \/>\n\t<meta name=\"twitter:data1\" content=\"1 minute\" \/>\n<script type=\"application\/ld+json\" class=\"yoast-schema-graph\">{\"@context\":\"https:\/\/schema.org\",\"@graph\":[{\"@type\":\"WebPage\",\"@id\":\"https:\/\/groupejaco.ca\/\",\"url\":\"https:\/\/groupejaco.ca\/\",\"name\":\"Groupe Jaco | Entrepreneur G\u00e9n\u00e9ral\",\"isPartOf\":{\"@id\":\"https:\/\/groupejaco.ca\/#website\"},\"primaryImageOfPage\":{\"@id\":\"https:\/\/groupejaco.ca\/#primaryimage\"},\"image\":{\"@id\":\"https:\/\/groupejaco.ca\/#primaryimage\"},\"thumbnailUrl\":\"https:\/\/groupejaco.ca\/wp-content\/uploads\/Groupe-Jaco-MS2-Entrepreneur-General-Construction-Renovation-Service-Apres-Sinistre-Nettoyage-Decontamination-Demolition.webp\",\"datePublished\":\"2023-06-01T18:27:28+00:00\",\"dateModified\":\"2023-07-12T17:26:01+00:00\",\"description\":\"Expert en travaux structurels, charpentes et r\u00e9novation pour du r\u00e9sidentiel, commercial, institutionnel et industriel, dot\u00e9 d'une division Apr\u00e8s Sinistre.\",\"breadcrumb\":{\"@id\":\"https:\/\/groupejaco.ca\/#breadcrumb\"},\"inLanguage\":\"en-US\",\"potentialAction\":[{\"@type\":\"ReadAction\",\"target\":[\"https:\/\/groupejaco.ca\/\"]}]},{\"@type\":\"ImageObject\",\"inLanguage\":\"en-US\",\"@id\":\"https:\/\/groupejaco.ca\/#primaryimage\",\"url\":\"https:\/\/groupejaco.ca\/wp-content\/uploads\/Groupe-Jaco-MS2-Entrepreneur-General-Construction-Renovation-Service-Apres-Sinistre-Nettoyage-Decontamination-Demolition.webp\",\"contentUrl\":\"https:\/\/groupejaco.ca\/wp-content\/uploads\/Groupe-Jaco-MS2-Entrepreneur-General-Construction-Renovation-Service-Apres-Sinistre-Nettoyage-Decontamination-Demolition.webp\",\"width\":1000,\"height\":564,\"caption\":\"Groupe Jaco MS2 Entrepreneur Ge\u0301ne\u0301ral Construction Re\u0301novation Service Apre\u0300s Sinistre Nettoyage De\u0301contamination De\u0301molition\"},{\"@type\":\"BreadcrumbList\",\"@id\":\"https:\/\/groupejaco.ca\/#breadcrumb\",\"itemListElement\":[{\"@type\":\"ListItem\",\"position\":1,\"name\":\"Accueil\",\"item\":\"https:\/\/groupejaco.ca\/\"},{\"@type\":\"ListItem\",\"position\":2,\"name\":\"Accueil\"}]},{\"@type\":\"WebSite\",\"@id\":\"https:\/\/groupejaco.ca\/#website\",\"url\":\"https:\/\/groupejaco.ca\/\",\"name\":\"Groupe Jaco\",\"description\":\"Entrepreneur commercial et r\u00e9sidentiel \u2022 Nettoyage apr\u00e8s-sinistre\",\"publisher\":{\"@id\":\"https:\/\/groupejaco.ca\/#organization\"},\"alternateName\":\"Jaco\",\"potentialAction\":[{\"@type\":\"SearchAction\",\"target\":{\"@type\":\"EntryPoint\",\"urlTemplate\":\"https:\/\/groupejaco.ca\/?s={search_term_string}\"},\"query-input\":{\"@type\":\"PropertyValueSpecification\",\"valueRequired\":true,\"valueName\":\"search_term_string\"}}],\"inLanguage\":\"en-US\"},{\"@type\":\"Organization\",\"@id\":\"https:\/\/groupejaco.ca\/#organization\",\"name\":\"Groupe Jaco Inc\",\"url\":\"https:\/\/groupejaco.ca\/\",\"logo\":{\"@type\":\"ImageObject\",\"inLanguage\":\"en-US\",\"@id\":\"https:\/\/groupejaco.ca\/#\/schema\/logo\/image\/\",\"url\":\"https:\/\/groupejaco.ca\/wp-content\/uploads\/Groupe-Jaco-MS2-Entrepreneur-General-Construction-Renovation-Service-Apres-Sinistre-Nettoyage-Decontamination-Demolition.webp\",\"contentUrl\":\"https:\/\/groupejaco.ca\/wp-content\/uploads\/Groupe-Jaco-MS2-Entrepreneur-General-Construction-Renovation-Service-Apres-Sinistre-Nettoyage-Decontamination-Demolition.webp\",\"width\":1000,\"height\":564,\"caption\":\"Groupe Jaco Inc\"},\"image\":{\"@id\":\"https:\/\/groupejaco.ca\/#\/schema\/logo\/image\/\"},\"sameAs\":[\"https:\/\/www.facebook.com\/GroupeJaco\"]}]}<\/script>\n<!-- \/ Yoast SEO Premium plugin. -->","yoast_head_json":{"title":"Groupe Jaco | Entrepreneur G\u00e9n\u00e9ral","description":"Expert en travaux structurels, charpentes et r\u00e9novation pour du r\u00e9sidentiel, commercial, institutionnel et industriel, dot\u00e9 d'une division Apr\u00e8s Sinistre.","robots":{"index":"index","follow":"follow","max-snippet":"max-snippet:-1","max-image-preview":"max-image-preview:large","max-video-preview":"max-video-preview:-1"},"canonical":"https:\/\/groupejaco.ca\/en\/","og_locale":"en_US","og_type":"article","og_title":"Groupe Jaco | Entrepreneur G\u00e9n\u00e9ral","og_description":"Expert en travaux structurels, charpentes et r\u00e9novation pour du r\u00e9sidentiel, commercial, institutionnel et industriel, dot\u00e9 d'une division Apr\u00e8s Sinistre.","og_url":"https:\/\/groupejaco.ca\/en\/","og_site_name":"Groupe Jaco","article_publisher":"https:\/\/www.facebook.com\/GroupeJaco","article_modified_time":"2023-07-12T17:26:01+00:00","og_image":[{"width":1000,"height":564,"url":"https:\/\/groupejaco.ca\/wp-content\/uploads\/Groupe-Jaco-MS2-Entrepreneur-General-Construction-Renovation-Service-Apres-Sinistre-Nettoyage-Decontamination-Demolition.webp","type":"image\/webp"}],"twitter_card":"summary_large_image","twitter_title":"Groupe Jaco | Entrepreneur G\u00e9n\u00e9ral","twitter_description":"Expert en travaux structurels, charpentes et r\u00e9novation pour du r\u00e9sidentiel, commercial, institutionnel et industriel, dot\u00e9 d'une division Apr\u00e8s Sinistre.","twitter_image":"https:\/\/groupejaco.ca\/wp-content\/uploads\/Groupe-Jaco-MS2-Entrepreneur-General-Construction-Renovation-Service-Apres-Sinistre-Nettoyage-Decontamination-Demolition.webp","twitter_misc":{"Est. reading time":"1 minute"},"schema":{"@context":"https:\/\/schema.org","@graph":[{"@type":"WebPage","@id":"https:\/\/groupejaco.ca\/","url":"https:\/\/groupejaco.ca\/","name":"Groupe Jaco | Entrepreneur G\u00e9n\u00e9ral","isPartOf":{"@id":"https:\/\/groupejaco.ca\/#website"},"primaryImageOfPage":{"@id":"https:\/\/groupejaco.ca\/#primaryimage"},"image":{"@id":"https:\/\/groupejaco.ca\/#primaryimage"},"thumbnailUrl":"https:\/\/groupejaco.ca\/wp-content\/uploads\/Groupe-Jaco-MS2-Entrepreneur-General-Construction-Renovation-Service-Apres-Sinistre-Nettoyage-Decontamination-Demolition.webp","datePublished":"2023-06-01T18:27:28+00:00","dateModified":"2023-07-12T17:26:01+00:00","description":"Expert en travaux structurels, charpentes et r\u00e9novation pour du r\u00e9sidentiel, commercial, institutionnel et industriel, dot\u00e9 d'une division Apr\u00e8s Sinistre.","breadcrumb":{"@id":"https:\/\/groupejaco.ca\/#breadcrumb"},"inLanguage":"en-US","potentialAction":[{"@type":"ReadAction","target":["https:\/\/groupejaco.ca\/"]}]},{"@type":"ImageObject","inLanguage":"en-US","@id":"https:\/\/groupejaco.ca\/#primaryimage","url":"https:\/\/groupejaco.ca\/wp-content\/uploads\/Groupe-Jaco-MS2-Entrepreneur-General-Construction-Renovation-Service-Apres-Sinistre-Nettoyage-Decontamination-Demolition.webp","contentUrl":"https:\/\/groupejaco.ca\/wp-content\/uploads\/Groupe-Jaco-MS2-Entrepreneur-General-Construction-Renovation-Service-Apres-Sinistre-Nettoyage-Decontamination-Demolition.webp","width":1000,"height":564,"caption":"Groupe Jaco MS2 Entrepreneur Ge\u0301ne\u0301ral Construction Re\u0301novation Service Apre\u0300s Sinistre Nettoyage De\u0301contamination De\u0301molition"},{"@type":"BreadcrumbList","@id":"https:\/\/groupejaco.ca\/#breadcrumb","itemListElement":[{"@type":"ListItem","position":1,"name":"Accueil","item":"https:\/\/groupejaco.ca\/"},{"@type":"ListItem","position":2,"name":"Accueil"}]},{"@type":"WebSite","@id":"https:\/\/groupejaco.ca\/#website","url":"https:\/\/groupejaco.ca\/","name":"Groupe Jaco","description":"Entrepreneur commercial et r\u00e9sidentiel \u2022 Nettoyage apr\u00e8s-sinistre","publisher":{"@id":"https:\/\/groupejaco.ca\/#organization"},"alternateName":"Jaco","potentialAction":[{"@type":"SearchAction","target":{"@type":"EntryPoint","urlTemplate":"https:\/\/groupejaco.ca\/?s={search_term_string}"},"query-input":{"@type":"PropertyValueSpecification","valueRequired":true,"valueName":"search_term_string"}}],"inLanguage":"en-US"},{"@type":"Organization","@id":"https:\/\/groupejaco.ca\/#organization","name":"Groupe Jaco Inc","url":"https:\/\/groupejaco.ca\/","logo":{"@type":"ImageObject","inLanguage":"en-US","@id":"https:\/\/groupejaco.ca\/#\/schema\/logo\/image\/","url":"https:\/\/groupejaco.ca\/wp-content\/uploads\/Groupe-Jaco-MS2-Entrepreneur-General-Construction-Renovation-Service-Apres-Sinistre-Nettoyage-Decontamination-Demolition.webp","contentUrl":"https:\/\/groupejaco.ca\/wp-content\/uploads\/Groupe-Jaco-MS2-Entrepreneur-General-Construction-Renovation-Service-Apres-Sinistre-Nettoyage-Decontamination-Demolition.webp","width":1000,"height":564,"caption":"Groupe Jaco Inc"},"image":{"@id":"https:\/\/groupejaco.ca\/#\/schema\/logo\/image\/"},"sameAs":["https:\/\/www.facebook.com\/GroupeJaco"]}]}},"_links":{"self":[{"href":"https:\/\/groupejaco.ca\/en\/wp-json\/wp\/v2\/pages\/1318","targetHints":{"allow":["GET"]}}],"collection":[{"href":"https:\/\/groupejaco.ca\/en\/wp-json\/wp\/v2\/pages"}],"about":[{"href":"https:\/\/groupejaco.ca\/en\/wp-json\/wp\/v2\/types\/page"}],"author":[{"embeddable":true,"href":"https:\/\/groupejaco.ca\/en\/wp-json\/wp\/v2\/users\/3"}],"replies":[{"embeddable":true,"href":"https:\/\/groupejaco.ca\/en\/wp-json\/wp\/v2\/comments?post=1318"}],"version-history":[{"count":0,"href":"https:\/\/groupejaco.ca\/en\/wp-json\/wp\/v2\/pages\/1318\/revisions"}],"wp:featuredmedia":[{"embeddable":true,"href":"https:\/\/groupejaco.ca\/en\/wp-json\/wp\/v2\/media\/1873"}],"wp:attachment":[{"href":"https:\/\/groupejaco.ca\/en\/wp-json\/wp\/v2\/media?parent=1318"}],"wp:term":[{"taxonomy":"category","embeddable":true,"href":"https:\/\/groupejaco.ca\/en\/wp-json\/wp\/v2\/categories?post=1318"},{"taxonomy":"post_tag","embeddable":true,"href":"https:\/\/groupejaco.ca\/en\/wp-json\/wp\/v2\/tags?post=1318"}],"curies":[{"name":"wp","href":"https:\/\/api.w.org\/{rel}","templated":true}]}}