{"id":1089,"date":"2023-03-29T15:35:47","date_gmt":"2023-03-29T19:35:47","guid":{"rendered":"https:\/\/groupejaco.ca\/?page_id=1089"},"modified":"2023-10-04T13:50:37","modified_gmt":"2023-10-04T17:50:37","slug":"entrepreneur-general","status":"publish","type":"page","link":"https:\/\/groupejaco.ca\/en\/entrepreneur-general\/","title":{"rendered":"General Contractor"},"content":{"rendered":"<h4>R\u00e9sidentiel &#8211; Commercial &#8211; Institutionnel &#8211; Industriel &#8211; Prestige et Grandes surfaces<\/h4>\r\n<h3>A trusted contractor!<\/h3>\r\n<h3>The Jaco Group is a dynamic and competent company that stands out for the quality of its work, the respect of deadlines and the excellence of its after-sales service!<\/h3>\r\n<p>With already more than 15 years of experience in the field of construction renovation of all kinds, we are proud to bet on employees who are not only qualified and certified, but who are always ready to surpass themselves on your projects by passion for the trade. Renovation being a field where surprises are frequent, it quickly becomes profitable to do business with the JACO group, whose foresight acquired from a long and strong experience, reinforces and confirms one of the most sought-after skills.<\/p>\r\n<h3>RESIDENTIAL RENOVATION<\/h3>\r\n<p>Des petits aux grands projets de r\u00e9novation r\u00e9sidentielle jusqu&rsquo;aux agrandissements, l&rsquo;\u00e9quipe d&rsquo;experts du Groupe Jaco saura les mener \u00e0 terme avec brio en vous offrant une satisfaction durable<\/p>\r\n<p>Dans le but de concr\u00e9tiser vos id\u00e9es, nous travaillons de concert avec des designers et des professionnels de la r\u00e9novation afin de vous offrir une qualit\u00e9 d&rsquo;espace dont vous avez toujours r\u00eav\u00e9. Offrez-vous la qui\u00e9tude d&rsquo;une entreprise sp\u00e9cialis\u00e9e en r\u00e9novation r\u00e9sidentielle en choisissant l&rsquo;expertise et la main d&rsquo;oeuvre qualifi\u00e9e du Groupe Jaco.<\/p>\r\n<p><a role=\"button\" href=\"https:\/\/groupejaco.ca\/en\/realisations-construction\/\" target=\"_self\" rel=\"noopener\" aria-label=\"Achievements\"> Achievements <\/a><\/p>\r\n<h3>COMMERCIAL RENOVATION<\/h3>\r\n<p>For renovations of offices, restaurants, shops and all other types of businesses, we have the necessary expertise to bring your renovations to a positive success! If you are moving your business or want to redevelop your spaces, we will know how to transform them according to your aspirations!<\/p>\r\n<p>The Jaco Group is an ideal solution for your commercial needs, because we are specialized and experienced for more than 15 years. Our team of experts works with professionalism, respect and pleasantness.<\/p>\r\n<p>La dur\u00e9e d&rsquo;un chantier est intimement li\u00e9e aux d\u00e9fis \u00e9conomiques de votre entreprise et c&rsquo;est pourquoi nous tenons en haute importance de vous rendre vos espaces dans les \u00e9ch\u00e9anciers pr\u00e9vus. Sans jamais n\u00e9gliger la qualit\u00e9 d&rsquo;ex\u00e9cution de nos services et r\u00e9novations, l&rsquo;exp\u00e9rience de bien faire d\u00e8s le d\u00e9part dans tout ce que nous entreprenons, nous permet d&rsquo;avancer de fa\u00e7on plus efficace afin vous faire retrouver vos espaces et votre rentabilit\u00e9 d&rsquo;affaire sans d\u00e9lai.<\/p>\r\n<p><a role=\"button\" href=\"https:\/\/groupejaco.ca\/en\/realisations-construction\/#commercial\" target=\"_self\" rel=\"noopener\" aria-label=\"Achievements\"> Achievements <\/a><\/p>\r\n<h3>INDUSTRIAL RENOVATION<\/h3>\r\n<p>Le Groupe Jaco a \u00e9galement su se d\u00e9velopper une fi\u00e8re r\u00e9putation et cr\u00e9dibilit\u00e9 avec son expertise grandissante dans le secteur industriel depuis les 15 derni\u00e8res ann\u00e9es. C&rsquo;est pourquoi nous sommes d\u00e9sormais en mesure d&rsquo;offrir des services de r\u00e9novations d&rsquo;envergure industrielles qui sont \u00e0 la fois adapt\u00e9es aux besoins de votre entreprise ainsi qu&rsquo;aux nombreuses normes et exigences de l&rsquo;industrie.<\/p>\r\n<p>Our industrial service is based on your specific requirements and we take great care to take into account the integral operational dimension of your company in order to successfully transform your workspaces.<\/p>\r\n<p><a role=\"button\" href=\"https:\/\/groupejaco.ca\/en\/realisations-construction\/#industriel\" target=\"_self\" rel=\"noopener\" aria-label=\"Achievements\"> Achievements <\/a> <img loading=\"lazy\" decoding=\"async\" title=\"Professionals Jaco Group General Contractor Construction Renovation Demolition Decontamination\" src=\"https:\/\/groupejaco.ca\/wp-content\/uploads\/Professionnels-02-Groupe-Jaco-Entrepreneur-General-Construction-Renovation-Demolition-Decontamination.webp\" alt=\"Professionnels 02 Groupe Jaco Entrepreneur Ge\u0301ne\u0301ral Construction Re\u0301novation De\u0301molition De\u0301contamination\" width=\"1300\" height=\"708\" \/><\/p>","protected":false},"excerpt":{"rendered":"<p>R\u00e9sidentiel &#8211; Commercial &#8211; Institutionnel &#8211; Industriel &#8211; Prestige et Grandes surfaces Un entrepreneur de confiance ! Le Groupe Jaco, est une entreprise dynamique et comp\u00e9tente qui se distingue par la qualit\u00e9 de ses travaux, des d\u00e9lais respect\u00e9s et l&rsquo;excellence de son service apr\u00e8s-vente! Avec d\u00e9j\u00e0 plus de 15 ans d&rsquo;exp\u00e9rience dans le domaine de&hellip;<\/p>","protected":false},"author":3,"featured_media":1873,"parent":0,"menu_order":0,"comment_status":"closed","ping_status":"closed","template":"","meta":{"inline_featured_image":false,"footnotes":""},"categories":[30],"tags":[],"class_list":["post-1089","page","type-page","status-publish","has-post-thumbnail","hentry","category-construction"],"yoast_head":"<!-- This site is optimized with the Yoast SEO Premium plugin v20.11 (Yoast SEO v27.1.1) - https:\/\/yoast.com\/product\/yoast-seo-premium-wordpress\/ -->\n<title>Entrepreneur G\u00e9n\u00e9ral | Groupe Jaco<\/title>\n<meta name=\"robots\" content=\"index, follow, max-snippet:-1, max-image-preview:large, max-video-preview:-1\" \/>\n<link rel=\"canonical\" href=\"https:\/\/groupejaco.ca\/en\/entrepreneur-general\/\" \/>\n<meta property=\"og:locale\" content=\"en_US\" \/>\n<meta property=\"og:type\" content=\"article\" \/>\n<meta property=\"og:title\" content=\"Entrepreneur G\u00e9n\u00e9ral\" \/>\n<meta property=\"og:description\" content=\"Avec des ann\u00e9es d\u2019exp\u00e9rience en nettoyage - r\u00e9novation d&#039;Apr\u00e8s-Sinistre, le Groupe Jaco s&#039;est forg\u00e9 une solide expertise d&#039;entrepreneur g\u00e9n\u00e9ral.\" \/>\n<meta property=\"og:url\" content=\"https:\/\/groupejaco.ca\/en\/entrepreneur-general\/\" \/>\n<meta property=\"og:site_name\" content=\"Groupe Jaco\" \/>\n<meta property=\"article:publisher\" content=\"https:\/\/www.facebook.com\/GroupeJaco\" \/>\n<meta property=\"article:modified_time\" content=\"2023-10-04T17:50:37+00:00\" \/>\n<meta property=\"og:image\" content=\"https:\/\/groupejaco.ca\/wp-content\/uploads\/Groupe-Jaco-MS2-Entrepreneur-General-Construction-Renovation-Service-Apres-Sinistre-Nettoyage-Decontamination-Demolition.webp\" \/>\n\t<meta property=\"og:image:width\" content=\"1000\" \/>\n\t<meta property=\"og:image:height\" content=\"564\" \/>\n\t<meta property=\"og:image:type\" content=\"image\/webp\" \/>\n<meta name=\"twitter:card\" content=\"summary_large_image\" \/>\n<meta name=\"twitter:label1\" content=\"Est. reading time\" \/>\n\t<meta name=\"twitter:data1\" content=\"3 minutes\" \/>\n<script type=\"application\/ld+json\" class=\"yoast-schema-graph\">{\"@context\":\"https:\/\/schema.org\",\"@graph\":[{\"@type\":\"WebPage\",\"@id\":\"https:\/\/groupejaco.ca\/entrepreneur-general\/\",\"url\":\"https:\/\/groupejaco.ca\/entrepreneur-general\/\",\"name\":\"Entrepreneur G\u00e9n\u00e9ral | Groupe Jaco\",\"isPartOf\":{\"@id\":\"https:\/\/groupejaco.ca\/#website\"},\"primaryImageOfPage\":{\"@id\":\"https:\/\/groupejaco.ca\/entrepreneur-general\/#primaryimage\"},\"image\":{\"@id\":\"https:\/\/groupejaco.ca\/entrepreneur-general\/#primaryimage\"},\"thumbnailUrl\":\"https:\/\/groupejaco.ca\/wp-content\/uploads\/Groupe-Jaco-MS2-Entrepreneur-General-Construction-Renovation-Service-Apres-Sinistre-Nettoyage-Decontamination-Demolition.webp\",\"datePublished\":\"2023-03-29T19:35:47+00:00\",\"dateModified\":\"2023-10-04T17:50:37+00:00\",\"breadcrumb\":{\"@id\":\"https:\/\/groupejaco.ca\/entrepreneur-general\/#breadcrumb\"},\"inLanguage\":\"en-US\",\"potentialAction\":[{\"@type\":\"ReadAction\",\"target\":[\"https:\/\/groupejaco.ca\/entrepreneur-general\/\"]}]},{\"@type\":\"ImageObject\",\"inLanguage\":\"en-US\",\"@id\":\"https:\/\/groupejaco.ca\/entrepreneur-general\/#primaryimage\",\"url\":\"https:\/\/groupejaco.ca\/wp-content\/uploads\/Groupe-Jaco-MS2-Entrepreneur-General-Construction-Renovation-Service-Apres-Sinistre-Nettoyage-Decontamination-Demolition.webp\",\"contentUrl\":\"https:\/\/groupejaco.ca\/wp-content\/uploads\/Groupe-Jaco-MS2-Entrepreneur-General-Construction-Renovation-Service-Apres-Sinistre-Nettoyage-Decontamination-Demolition.webp\",\"width\":1000,\"height\":564,\"caption\":\"Groupe Jaco MS2 Entrepreneur Ge\u0301ne\u0301ral Construction Re\u0301novation Service Apre\u0300s Sinistre Nettoyage De\u0301contamination De\u0301molition\"},{\"@type\":\"BreadcrumbList\",\"@id\":\"https:\/\/groupejaco.ca\/entrepreneur-general\/#breadcrumb\",\"itemListElement\":[{\"@type\":\"ListItem\",\"position\":1,\"name\":\"Accueil\",\"item\":\"https:\/\/groupejaco.ca\/\"},{\"@type\":\"ListItem\",\"position\":2,\"name\":\"Entrepreneur G\u00e9n\u00e9ral\"}]},{\"@type\":\"WebSite\",\"@id\":\"https:\/\/groupejaco.ca\/#website\",\"url\":\"https:\/\/groupejaco.ca\/\",\"name\":\"Groupe Jaco\",\"description\":\"Entrepreneur commercial et r\u00e9sidentiel \u2022 Nettoyage apr\u00e8s-sinistre\",\"publisher\":{\"@id\":\"https:\/\/groupejaco.ca\/#organization\"},\"alternateName\":\"Jaco\",\"potentialAction\":[{\"@type\":\"SearchAction\",\"target\":{\"@type\":\"EntryPoint\",\"urlTemplate\":\"https:\/\/groupejaco.ca\/?s={search_term_string}\"},\"query-input\":{\"@type\":\"PropertyValueSpecification\",\"valueRequired\":true,\"valueName\":\"search_term_string\"}}],\"inLanguage\":\"en-US\"},{\"@type\":\"Organization\",\"@id\":\"https:\/\/groupejaco.ca\/#organization\",\"name\":\"Groupe Jaco Inc\",\"url\":\"https:\/\/groupejaco.ca\/\",\"logo\":{\"@type\":\"ImageObject\",\"inLanguage\":\"en-US\",\"@id\":\"https:\/\/groupejaco.ca\/#\/schema\/logo\/image\/\",\"url\":\"https:\/\/groupejaco.ca\/wp-content\/uploads\/Groupe-Jaco-MS2-Entrepreneur-General-Construction-Renovation-Service-Apres-Sinistre-Nettoyage-Decontamination-Demolition.webp\",\"contentUrl\":\"https:\/\/groupejaco.ca\/wp-content\/uploads\/Groupe-Jaco-MS2-Entrepreneur-General-Construction-Renovation-Service-Apres-Sinistre-Nettoyage-Decontamination-Demolition.webp\",\"width\":1000,\"height\":564,\"caption\":\"Groupe Jaco Inc\"},\"image\":{\"@id\":\"https:\/\/groupejaco.ca\/#\/schema\/logo\/image\/\"},\"sameAs\":[\"https:\/\/www.facebook.com\/GroupeJaco\"]}]}<\/script>\n<!-- \/ Yoast SEO Premium plugin. -->","yoast_head_json":{"title":"Entrepreneur G\u00e9n\u00e9ral | Groupe Jaco","robots":{"index":"index","follow":"follow","max-snippet":"max-snippet:-1","max-image-preview":"max-image-preview:large","max-video-preview":"max-video-preview:-1"},"canonical":"https:\/\/groupejaco.ca\/en\/entrepreneur-general\/","og_locale":"en_US","og_type":"article","og_title":"Entrepreneur G\u00e9n\u00e9ral","og_description":"Avec des ann\u00e9es d\u2019exp\u00e9rience en nettoyage - r\u00e9novation d'Apr\u00e8s-Sinistre, le Groupe Jaco s'est forg\u00e9 une solide expertise d'entrepreneur g\u00e9n\u00e9ral.","og_url":"https:\/\/groupejaco.ca\/en\/entrepreneur-general\/","og_site_name":"Groupe Jaco","article_publisher":"https:\/\/www.facebook.com\/GroupeJaco","article_modified_time":"2023-10-04T17:50:37+00:00","og_image":[{"width":1000,"height":564,"url":"https:\/\/groupejaco.ca\/wp-content\/uploads\/Groupe-Jaco-MS2-Entrepreneur-General-Construction-Renovation-Service-Apres-Sinistre-Nettoyage-Decontamination-Demolition.webp","type":"image\/webp"}],"twitter_card":"summary_large_image","twitter_misc":{"Est. reading time":"3 minutes"},"schema":{"@context":"https:\/\/schema.org","@graph":[{"@type":"WebPage","@id":"https:\/\/groupejaco.ca\/entrepreneur-general\/","url":"https:\/\/groupejaco.ca\/entrepreneur-general\/","name":"Entrepreneur G\u00e9n\u00e9ral | Groupe Jaco","isPartOf":{"@id":"https:\/\/groupejaco.ca\/#website"},"primaryImageOfPage":{"@id":"https:\/\/groupejaco.ca\/entrepreneur-general\/#primaryimage"},"image":{"@id":"https:\/\/groupejaco.ca\/entrepreneur-general\/#primaryimage"},"thumbnailUrl":"https:\/\/groupejaco.ca\/wp-content\/uploads\/Groupe-Jaco-MS2-Entrepreneur-General-Construction-Renovation-Service-Apres-Sinistre-Nettoyage-Decontamination-Demolition.webp","datePublished":"2023-03-29T19:35:47+00:00","dateModified":"2023-10-04T17:50:37+00:00","breadcrumb":{"@id":"https:\/\/groupejaco.ca\/entrepreneur-general\/#breadcrumb"},"inLanguage":"en-US","potentialAction":[{"@type":"ReadAction","target":["https:\/\/groupejaco.ca\/entrepreneur-general\/"]}]},{"@type":"ImageObject","inLanguage":"en-US","@id":"https:\/\/groupejaco.ca\/entrepreneur-general\/#primaryimage","url":"https:\/\/groupejaco.ca\/wp-content\/uploads\/Groupe-Jaco-MS2-Entrepreneur-General-Construction-Renovation-Service-Apres-Sinistre-Nettoyage-Decontamination-Demolition.webp","contentUrl":"https:\/\/groupejaco.ca\/wp-content\/uploads\/Groupe-Jaco-MS2-Entrepreneur-General-Construction-Renovation-Service-Apres-Sinistre-Nettoyage-Decontamination-Demolition.webp","width":1000,"height":564,"caption":"Groupe Jaco MS2 Entrepreneur Ge\u0301ne\u0301ral Construction Re\u0301novation Service Apre\u0300s Sinistre Nettoyage De\u0301contamination De\u0301molition"},{"@type":"BreadcrumbList","@id":"https:\/\/groupejaco.ca\/entrepreneur-general\/#breadcrumb","itemListElement":[{"@type":"ListItem","position":1,"name":"Accueil","item":"https:\/\/groupejaco.ca\/"},{"@type":"ListItem","position":2,"name":"Entrepreneur G\u00e9n\u00e9ral"}]},{"@type":"WebSite","@id":"https:\/\/groupejaco.ca\/#website","url":"https:\/\/groupejaco.ca\/","name":"Groupe Jaco","description":"Entrepreneur commercial et r\u00e9sidentiel \u2022 Nettoyage apr\u00e8s-sinistre","publisher":{"@id":"https:\/\/groupejaco.ca\/#organization"},"alternateName":"Jaco","potentialAction":[{"@type":"SearchAction","target":{"@type":"EntryPoint","urlTemplate":"https:\/\/groupejaco.ca\/?s={search_term_string}"},"query-input":{"@type":"PropertyValueSpecification","valueRequired":true,"valueName":"search_term_string"}}],"inLanguage":"en-US"},{"@type":"Organization","@id":"https:\/\/groupejaco.ca\/#organization","name":"Groupe Jaco Inc","url":"https:\/\/groupejaco.ca\/","logo":{"@type":"ImageObject","inLanguage":"en-US","@id":"https:\/\/groupejaco.ca\/#\/schema\/logo\/image\/","url":"https:\/\/groupejaco.ca\/wp-content\/uploads\/Groupe-Jaco-MS2-Entrepreneur-General-Construction-Renovation-Service-Apres-Sinistre-Nettoyage-Decontamination-Demolition.webp","contentUrl":"https:\/\/groupejaco.ca\/wp-content\/uploads\/Groupe-Jaco-MS2-Entrepreneur-General-Construction-Renovation-Service-Apres-Sinistre-Nettoyage-Decontamination-Demolition.webp","width":1000,"height":564,"caption":"Groupe Jaco Inc"},"image":{"@id":"https:\/\/groupejaco.ca\/#\/schema\/logo\/image\/"},"sameAs":["https:\/\/www.facebook.com\/GroupeJaco"]}]}},"_links":{"self":[{"href":"https:\/\/groupejaco.ca\/en\/wp-json\/wp\/v2\/pages\/1089","targetHints":{"allow":["GET"]}}],"collection":[{"href":"https:\/\/groupejaco.ca\/en\/wp-json\/wp\/v2\/pages"}],"about":[{"href":"https:\/\/groupejaco.ca\/en\/wp-json\/wp\/v2\/types\/page"}],"author":[{"embeddable":true,"href":"https:\/\/groupejaco.ca\/en\/wp-json\/wp\/v2\/users\/3"}],"replies":[{"embeddable":true,"href":"https:\/\/groupejaco.ca\/en\/wp-json\/wp\/v2\/comments?post=1089"}],"version-history":[{"count":1,"href":"https:\/\/groupejaco.ca\/en\/wp-json\/wp\/v2\/pages\/1089\/revisions"}],"predecessor-version":[{"id":2093,"href":"https:\/\/groupejaco.ca\/en\/wp-json\/wp\/v2\/pages\/1089\/revisions\/2093"}],"wp:featuredmedia":[{"embeddable":true,"href":"https:\/\/groupejaco.ca\/en\/wp-json\/wp\/v2\/media\/1873"}],"wp:attachment":[{"href":"https:\/\/groupejaco.ca\/en\/wp-json\/wp\/v2\/media?parent=1089"}],"wp:term":[{"taxonomy":"category","embeddable":true,"href":"https:\/\/groupejaco.ca\/en\/wp-json\/wp\/v2\/categories?post=1089"},{"taxonomy":"post_tag","embeddable":true,"href":"https:\/\/groupejaco.ca\/en\/wp-json\/wp\/v2\/tags?post=1089"}],"curies":[{"name":"wp","href":"https:\/\/api.w.org\/{rel}","templated":true}]}}